{"id":2,"date":"2017-02-23T17:15:39","date_gmt":"2017-02-23T16:15:39","guid":{"rendered":"http:\/\/heidi-roessner.de\/?page_id=2"},"modified":"2017-07-27T02:03:08","modified_gmt":"2017-07-27T00:03:08","slug":"beispiel-seite","status":"publish","type":"page","link":"http:\/\/heidi-roessner.de\/","title":{"rendered":"Start"},"content":{"rendered":"<p><span style=\"color: #993300;\"><strong>Frau M\u00fcller:<\/strong><\/span> &#8230; wei\u00dft Du noch die alte Frau in Haus-Nr. 48, die immer die Pakete f\u00fcr alle angenommen hat<br \/>\n<span style=\"color: #008000;\"><strong><em>Frau Meiers:<\/em><\/strong> <\/span>&#8230; ja klar &#8211; die kenne ich &#8211; nette \u00e4ltere Dame &#8211; immer ein L\u00e4cheln f\u00fcr jeden<br \/>\n<span style=\"color: #993300;\"><strong>Frau M\u00fcller:<\/strong><\/span><span style=\"color: #33cccc;\"><span style=\"color: #000000;\"> &#8230;\u00a0 die ist gestern verstorben.<\/span><\/span><br \/>\n<span style=\"color: #008000;\"><strong><em>Frau Meiers:<\/em><\/strong><\/span> &#8230; oh&#8230; wie alt war sie denn jetzt?<br \/>\n<span style=\"color: #993300;\"><strong>Frau M\u00fcller:<\/strong><\/span> &#8230; 97 &#8211; soweit ich wei\u00df<\/p>\n<p>&#8230;sie reden \u00fcber mich &#8211;\u00a0 da war ich sicher&#8230; in der Zukunft<br \/>\npl\u00f6tzlich hatte ich dieses Gespr\u00e4ch\u00a0 im Ohr letzte Nacht, als ich eigentlich gerade ins Bett gehen wollte.<\/p>\n<p>Nun &#8211; seit letztem Jahr denke ich oft \u00fcber alt werden und auch \u00fcber sterben nach. Ein weiteres Kapitel meines Lebens hat begonnen und das mit \u00fcber 60 Jahren. Und alles ist mal wieder v\u00f6llig anders als es zuvor war.<\/p>\n<p>Nun &#8211; daraus l\u00e4sst sich bestimmt eine sch\u00f6ne Geschichte schreiben und noch bin ich ja nicht 97 Jahre alt und habe etwas Zeit. Aber jetzt geh ich erstmal ins Bett. Morgen ist auch noch ein Tag und dann gehts weiter.<\/p>\n","protected":false},"excerpt":{"rendered":"<p>Frau M\u00fcller: &#8230; wei\u00dft Du noch die alte Frau in Haus-Nr. 48, die immer die Pakete f\u00fcr alle angenommen hat Frau Meiers: &#8230; ja klar &#8211; die kenne ich &#8211; nette \u00e4ltere Dame &#8211; immer ein L\u00e4cheln f\u00fcr jeden Frau M\u00fcller: &#8230;\u00a0 die ist gestern verstorben. Frau Meiers: &#8230; oh&#8230; wie alt war sie denn &hellip; <\/p>\n<p class=\"link-more\"><a href=\"http:\/\/heidi-roessner.de\/\" class=\"more-link\"><span class=\"screen-reader-text\">\u201eStart\u201c<\/span> weiterlesen<\/a><\/p>\n","protected":false},"author":1,"featured_media":0,"parent":0,"menu_order":0,"comment_status":"closed","ping_status":"open","template":"","meta":{"footnotes":""},"class_list":["post-2","page","type-page","status-publish","hentry"],"_links":{"self":[{"href":"http:\/\/heidi-roessner.de\/index.php\/wp-json\/wp\/v2\/pages\/2","targetHints":{"allow":["GET"]}}],"collection":[{"href":"http:\/\/heidi-roessner.de\/index.php\/wp-json\/wp\/v2\/pages"}],"about":[{"href":"http:\/\/heidi-roessner.de\/index.php\/wp-json\/wp\/v2\/types\/page"}],"author":[{"embeddable":true,"href":"http:\/\/heidi-roessner.de\/index.php\/wp-json\/wp\/v2\/users\/1"}],"replies":[{"embeddable":true,"href":"http:\/\/heidi-roessner.de\/index.php\/wp-json\/wp\/v2\/comments?post=2"}],"version-history":[{"count":22,"href":"http:\/\/heidi-roessner.de\/index.php\/wp-json\/wp\/v2\/pages\/2\/revisions"}],"predecessor-version":[{"id":67,"href":"http:\/\/heidi-roessner.de\/index.php\/wp-json\/wp\/v2\/pages\/2\/revisions\/67"}],"wp:attachment":[{"href":"http:\/\/heidi-roessner.de\/index.php\/wp-json\/wp\/v2\/media?parent=2"}],"curies":[{"name":"wp","href":"https:\/\/api.w.org\/{rel}","templated":true}]}}