{"id":30,"date":"2017-02-27T19:31:42","date_gmt":"2017-02-27T18:31:42","guid":{"rendered":"http:\/\/heidi-roessner.de\/?page_id=30"},"modified":"2017-07-27T18:40:42","modified_gmt":"2017-07-27T16:40:42","slug":"impressum","status":"publish","type":"page","link":"http:\/\/heidi-roessner.de\/index.php\/impressum\/","title":{"rendered":"Impressum"},"content":{"rendered":"<p><strong>Seitenbetreiber:<\/strong><br \/>\nHeidemarie R\u00f6\u00dfner<br \/>\nEugen-Richter-Str.48<br \/>\nD-58089 Hagen<br \/>\n<strong>Kontakt:<br \/>\n<\/strong>Tel.: +49 (0) 2331 34 82 804<br \/>\nE-Mail: email@heidi-roessner.de<\/p>\n<p>Stand: 27.07.2017<\/p>\n<h4>Haftungsausschluss<\/h4>\n<p>Die Inhalte meiner Internetseiten \u00e4ndern sich st\u00e4ndig. Sie wurden jeweils mit gr\u00f6\u00dftm\u00f6glicher Sorgfalt erstellt. Dennoch kann f\u00fcr die Inhalte keine Garantie auf Vollst\u00e4ndigkeit oder Richtigkeit \u00fcbernommen werden. Ich hafte nicht f\u00fcr Sch\u00e4den aufgrund der Benutzung der Informationen und Daten auf diesen Internetseiten, es sei denn im Falle von Vorsatz oder grober Fahrl\u00e4ssigkeit meiner Person. Ich \u00fcbernehme keine Haftung oder Garantie f\u00fcr den Inhalt von Internetseiten, auf die auf meiner Homepage direkt oder indirekt verwiesen wird. F\u00fcr die verwiesenen Internetseiten bin nicht ich verantwortlich, sondern Dritte. Besucher folgen Verbindungen zu anderen Internetseiten und Homepages daher auf eigene Gefahr und benutzen diese gem\u00e4\u00df den jeweils geltenden Nutzungsbedingungen der entsprechenden Webseiten.<\/p>\n","protected":false},"excerpt":{"rendered":"<p>Seitenbetreiber: Heidemarie R\u00f6\u00dfner Eugen-Richter-Str.48 D-58089 Hagen Kontakt: Tel.: +49 (0) 2331 34 82 804 E-Mail: email@heidi-roessner.de Stand: 27.07.2017 Haftungsausschluss Die Inhalte meiner Internetseiten \u00e4ndern sich st\u00e4ndig. Sie wurden jeweils mit gr\u00f6\u00dftm\u00f6glicher Sorgfalt erstellt. Dennoch kann f\u00fcr die Inhalte keine Garantie auf Vollst\u00e4ndigkeit oder Richtigkeit \u00fcbernommen werden. Ich hafte nicht f\u00fcr Sch\u00e4den aufgrund der Benutzung der &hellip; <\/p>\n<p class=\"link-more\"><a href=\"http:\/\/heidi-roessner.de\/index.php\/impressum\/\" class=\"more-link\"><span class=\"screen-reader-text\">\u201eImpressum\u201c<\/span> weiterlesen<\/a><\/p>\n","protected":false},"author":1,"featured_media":0,"parent":0,"menu_order":2,"comment_status":"closed","ping_status":"closed","template":"","meta":{"footnotes":""},"class_list":["post-30","page","type-page","status-publish","hentry"],"_links":{"self":[{"href":"http:\/\/heidi-roessner.de\/index.php\/wp-json\/wp\/v2\/pages\/30","targetHints":{"allow":["GET"]}}],"collection":[{"href":"http:\/\/heidi-roessner.de\/index.php\/wp-json\/wp\/v2\/pages"}],"about":[{"href":"http:\/\/heidi-roessner.de\/index.php\/wp-json\/wp\/v2\/types\/page"}],"author":[{"embeddable":true,"href":"http:\/\/heidi-roessner.de\/index.php\/wp-json\/wp\/v2\/users\/1"}],"replies":[{"embeddable":true,"href":"http:\/\/heidi-roessner.de\/index.php\/wp-json\/wp\/v2\/comments?post=30"}],"version-history":[{"count":3,"href":"http:\/\/heidi-roessner.de\/index.php\/wp-json\/wp\/v2\/pages\/30\/revisions"}],"predecessor-version":[{"id":69,"href":"http:\/\/heidi-roessner.de\/index.php\/wp-json\/wp\/v2\/pages\/30\/revisions\/69"}],"wp:attachment":[{"href":"http:\/\/heidi-roessner.de\/index.php\/wp-json\/wp\/v2\/media?parent=30"}],"curies":[{"name":"wp","href":"https:\/\/api.w.org\/{rel}","templated":true}]}}